{"id":247,"date":"2010-02-21T11:03:56","date_gmt":"2010-02-21T10:03:56","guid":{"rendered":"http:\/\/www.cirkulacija2.org\/?page_id=247"},"modified":"2022-12-23T17:23:09","modified_gmt":"2022-12-23T17:23:09","slug":"cirkulacija-2-2","status":"publish","type":"page","link":"https:\/\/www.cirkulacija2.org\/cirkulacija-2\/cirkulacija-2-2\/","title":{"rendered":"Kratka zgodovina"},"content":{"rendered":"<p><strong>Interdisciplinarna postaja CIRKULACIJA 2<\/strong><\/p>\n<p><img loading=\"lazy\" decoding=\"async\" class=\"\" src=\"https:\/\/www.cirkulacija2.org\/wp-content\/uploads\/cirkulacija\/Cirkulacija_4294.jpg\" alt=\"\" width=\"312\" height=\"209\" align=\"right\" hspace=\"11\" vspace=\"11\" \/><\/p>\n<p>Interdisciplinarna postaja je center za sodobno umetnost v katerem se hkrati vr\u0161i produkcija in prezentacija sodobne umetnosti. Je model tak\u0161nega centra, ki mora nujno presegati dosedanje muzejske in galerijske \/ oblike prezentacij umetnosti. Je delavnica &#8211; laboratorij in razstavni \/ predstavitveni prostor v enem. V \u010dasu svojega delovanja generira sebi lasten odtenek identitete mikroskupnosti.<\/p>\n<p>Interdisciplinarna postaja je oblika kulturno-umetni\u0161ke hi\u0161e, ki jo krasi:<\/p>\n<p>&#8211; asociativno povezovanje soproducentov (torej: organizacijska oblika je asociacija samostojnih producentov &#8211; umetni\u0161kih dru\u0161tev in posameznikov)<br \/>\n&#8211; \u0161iroko podro\u010dje tehnolo\u0161ko-umetni\u0161kega in socialnega delovanja &#8211; pri slednjem predvsem razvijanje druga\u010dnih uspe\u0161nih na\u010dinov sodelovanj, kot se ka\u017eejo doslej<br \/>\n&#8211; nehierarhi\u010dna struktura odlo\u010danja (konsenzualno odlo\u010danje), kar hkrati pomeni najve\u010d pet do deset partnerjev pri soodlo\u010danju &amp; koordinaciji<br \/>\n&#8211; dinami\u010dno oblikovanje meril in pogojev za mo\u017enost soodlo\u010danja (ustanoviteljstvo nima ve\u010dje te\u017ee od zagotavljanja teko\u010dega delovanja, zato uporabljamo besedo iniciatorstvo)<br \/>\n&#8211; proti specializaciji &#8211; za univerzalnost delovanja vsakega \u010dlana. Vsak soodlo\u010devalec je kompletna osebnost &#8211; samoproducent &#8211; avtor in izvajalec koncepta, vodja in uresni\u010devalec projekta, pri skupnih projektih je sooavtor, pri posredovanih je soproducent<br \/>\n&#8211; razvoj, izdelava umetni\u0161kih objektov, finan\u010dno sodelovanje kot oblika samoprodukcije, soprodukcije &#8211; tudi z zunanjimi partnerji in\/ali za njih<br \/>\n&#8211; izmenjava, soo\u010denje znanj, mnenj &#8211; takoimenovani odprtokodni sistem sodelovanja<br \/>\n&#8211; predstavitve, razstave, performansi, koncerti, debate, mednarodna partnerska sodelovanja pri sorodnih projektih, skupno nastopanje pri mednarodnih financerjih<br \/>\n&#8211; odprta vrata za enakovredna sodelovanja z zunanjimi (neodlo\u010dujo\u010dimi) partnerji<br \/>\n&#8211; trenutne tehnologije: multimedija, robotika, mobili, strojegradnja, kipi, slike, ra\u010dunalni\u010dka umetnost, spletni sistemi, civilnodru\u017ebeni socialni motivi, glasba, zvok, organizacija in izvedba mednarodnih projektov, rezidence&#8230;<\/p>\n<p>Osnovni parametri:<\/p>\n<ol type=\"1\">\n<li>Skrb za skupen (komunalni \/ kulturni \/ produkcijski) prostor &#8211; socialno-kulturno delovanje<\/li>\n<li>Skrb za lasten (individualni) prostor &#8211; kulturno-umetni\u0161ko delovanje<\/li>\n<li>Pridobivanje sredstev, ustvarjanje projektov, programov za obe zgornji kategoriji<\/li>\n<\/ol>\n<p>Iniciativni \u010dlani:<\/p>\n<p>Stefan Doepner, Borut Savski, Bo\u0161tjan Leskov\u010dek, Majda Gregori\u010d in Ksenija \u010cer\u010de.<\/p>\n<p>V letu 2009 se je Cirkulacija 2 oblikovala v Cirkulacija 2, dru\u0161tvo za samoprodukcijo, interdisciplinarnost in cirkulacijo sodobne umetnosti.<\/p>\n<p>Ve\u010d si lahko preberete na angle\u0161ki verziji te strani.<\/p>\n","protected":false},"excerpt":{"rendered":"<p>Interdisciplinarna postaja CIRKULACIJA 2 Interdisciplinarna postaja je center za sodobno umetnost v katerem se hkrati vr\u0161i produkcija in prezentacija sodobne umetnosti. Je model tak\u0161nega centra, ki mora nujno presegati dosedanje muzejske in galerijske \/ oblike prezentacij umetnosti. Je delavnica &#8211; laboratorij in razstavni \/ predstavitveni prostor v enem. V \u010dasu svojega delovanja generira sebi lasten [&hellip;]<\/p>\n","protected":false},"author":1,"featured_media":0,"parent":46,"menu_order":10,"comment_status":"open","ping_status":"closed","template":"","meta":{"ngg_post_thumbnail":0,"iawp_total_views":28,"footnotes":""},"class_list":["post-247","page","type-page","status-publish","hentry"],"yoast_head":"<!-- This site is optimized with the Yoast SEO plugin v27.2 - https:\/\/yoast.com\/product\/yoast-seo-wordpress\/ -->\n<title>Kratka zgodovina<\/title>\n<meta name=\"robots\" content=\"index, follow, max-snippet:-1, max-image-preview:large, max-video-preview:-1\" \/>\n<link rel=\"canonical\" href=\"https:\/\/www.cirkulacija2.org\/cirkulacija-2\/cirkulacija-2-2\/\" \/>\n<meta property=\"og:locale\" content=\"en_US\" \/>\n<meta property=\"og:type\" content=\"article\" \/>\n<meta property=\"og:title\" content=\"[lang_si]Kratka zgodovina[lang_en]Short history - Cirkulacija 2\" \/>\n<meta property=\"og:description\" content=\"Interdisciplinarna postaja CIRKULACIJA 2 Interdisciplinarna postaja je center za sodobno umetnost v katerem se hkrati vr\u0161i produkcija in prezentacija sodobne umetnosti. Je model tak\u0161nega centra, ki mora nujno presegati dosedanje muzejske in galerijske \/ oblike prezentacij umetnosti. Je delavnica &#8211; laboratorij in razstavni \/ predstavitveni prostor v enem. V \u010dasu svojega delovanja generira sebi lasten [&hellip;]\" \/>\n<meta property=\"og:url\" content=\"https:\/\/www.cirkulacija2.org\/cirkulacija-2\/cirkulacija-2-2\/\" \/>\n<meta property=\"og:site_name\" content=\"Cirkulacija 2\" \/>\n<meta property=\"article:publisher\" content=\"https:\/\/www.facebook.com\/Cirkulacija2\/\" \/>\n<meta property=\"article:modified_time\" content=\"2022-12-23T17:23:09+00:00\" \/>\n<meta property=\"og:image\" content=\"http:\/\/www.cirkulacija2.org\/wp-content\/uploads\/cirkulacija\/Cirkulacija_4294.jpg\" \/>\n<meta name=\"twitter:card\" content=\"summary_large_image\" \/>\n<meta name=\"twitter:label1\" content=\"Est. reading time\" \/>\n\t<meta name=\"twitter:data1\" content=\"12 minutes\" \/>\n<script type=\"application\/ld+json\" class=\"yoast-schema-graph\">{\"@context\":\"https:\/\/schema.org\",\"@graph\":[{\"@type\":\"WebPage\",\"@id\":\"https:\/\/www.cirkulacija2.org\/cirkulacija-2\/cirkulacija-2-2\/\",\"url\":\"https:\/\/www.cirkulacija2.org\/cirkulacija-2\/cirkulacija-2-2\/\",\"name\":\"[lang_si]Kratka zgodovina[lang_en]Short history - Cirkulacija 2\",\"isPartOf\":{\"@id\":\"https:\/\/www.cirkulacija2.org\/#website\"},\"primaryImageOfPage\":{\"@id\":\"https:\/\/www.cirkulacija2.org\/cirkulacija-2\/cirkulacija-2-2\/#primaryimage\"},\"image\":{\"@id\":\"https:\/\/www.cirkulacija2.org\/cirkulacija-2\/cirkulacija-2-2\/#primaryimage\"},\"thumbnailUrl\":\"http:\/\/www.cirkulacija2.org\/wp-content\/uploads\/cirkulacija\/Cirkulacija_4294.jpg\",\"datePublished\":\"2010-02-21T10:03:56+00:00\",\"dateModified\":\"2022-12-23T17:23:09+00:00\",\"breadcrumb\":{\"@id\":\"https:\/\/www.cirkulacija2.org\/cirkulacija-2\/cirkulacija-2-2\/#breadcrumb\"},\"inLanguage\":\"en-US\",\"potentialAction\":[{\"@type\":\"ReadAction\",\"target\":[\"https:\/\/www.cirkulacija2.org\/cirkulacija-2\/cirkulacija-2-2\/\"]}]},{\"@type\":\"ImageObject\",\"inLanguage\":\"en-US\",\"@id\":\"https:\/\/www.cirkulacija2.org\/cirkulacija-2\/cirkulacija-2-2\/#primaryimage\",\"url\":\"http:\/\/www.cirkulacija2.org\/wp-content\/uploads\/cirkulacija\/Cirkulacija_4294.jpg\",\"contentUrl\":\"http:\/\/www.cirkulacija2.org\/wp-content\/uploads\/cirkulacija\/Cirkulacija_4294.jpg\"},{\"@type\":\"BreadcrumbList\",\"@id\":\"https:\/\/www.cirkulacija2.org\/cirkulacija-2\/cirkulacija-2-2\/#breadcrumb\",\"itemListElement\":[{\"@type\":\"ListItem\",\"position\":1,\"name\":\"Home\",\"item\":\"https:\/\/www.cirkulacija2.org\/\"},{\"@type\":\"ListItem\",\"position\":2,\"name\":\"CIRKULACIJA 2 (2007 -> now)\",\"item\":\"https:\/\/www.cirkulacija2.org\/cirkulacija-2\/\"},{\"@type\":\"ListItem\",\"position\":3,\"name\":\"Short history\"}]},{\"@type\":\"WebSite\",\"@id\":\"https:\/\/www.cirkulacija2.org\/#website\",\"url\":\"https:\/\/www.cirkulacija2.org\/\",\"name\":\"Cirkulacija 2\",\"description\":\"Association for interdisciplinary, independent art production and the circulation of contemporary art\",\"publisher\":{\"@id\":\"https:\/\/www.cirkulacija2.org\/#organization\"},\"potentialAction\":[{\"@type\":\"SearchAction\",\"target\":{\"@type\":\"EntryPoint\",\"urlTemplate\":\"https:\/\/www.cirkulacija2.org\/?s={search_term_string}\"},\"query-input\":{\"@type\":\"PropertyValueSpecification\",\"valueRequired\":true,\"valueName\":\"search_term_string\"}}],\"inLanguage\":\"en-US\"},{\"@type\":\"Organization\",\"@id\":\"https:\/\/www.cirkulacija2.org\/#organization\",\"name\":\"Cirkulacija 2\",\"url\":\"https:\/\/www.cirkulacija2.org\/\",\"logo\":{\"@type\":\"ImageObject\",\"inLanguage\":\"en-US\",\"@id\":\"https:\/\/www.cirkulacija2.org\/#\/schema\/logo\/image\/\",\"url\":\"https:\/\/www.cirkulacija2.org\/wp-content\/uploads\/C2_logo.jpg\",\"contentUrl\":\"https:\/\/www.cirkulacija2.org\/wp-content\/uploads\/C2_logo.jpg\",\"width\":150,\"height\":150,\"caption\":\"Cirkulacija 2\"},\"image\":{\"@id\":\"https:\/\/www.cirkulacija2.org\/#\/schema\/logo\/image\/\"},\"sameAs\":[\"https:\/\/www.facebook.com\/Cirkulacija2\/\",\"https:\/\/www.instagram.com\/cirkulacija2\/\"]}]}<\/script>\n<!-- \/ Yoast SEO plugin. -->","yoast_head_json":{"title":"[lang_si]Kratka zgodovina[lang_en]Short history - Cirkulacija 2","robots":{"index":"index","follow":"follow","max-snippet":"max-snippet:-1","max-image-preview":"max-image-preview:large","max-video-preview":"max-video-preview:-1"},"canonical":"https:\/\/www.cirkulacija2.org\/cirkulacija-2\/cirkulacija-2-2\/","og_locale":"en_US","og_type":"article","og_title":"[lang_si]Kratka zgodovina[lang_en]Short history - Cirkulacija 2","og_description":"Interdisciplinarna postaja CIRKULACIJA 2 Interdisciplinarna postaja je center za sodobno umetnost v katerem se hkrati vr\u0161i produkcija in prezentacija sodobne umetnosti. Je model tak\u0161nega centra, ki mora nujno presegati dosedanje muzejske in galerijske \/ oblike prezentacij umetnosti. Je delavnica &#8211; laboratorij in razstavni \/ predstavitveni prostor v enem. V \u010dasu svojega delovanja generira sebi lasten [&hellip;]","og_url":"https:\/\/www.cirkulacija2.org\/cirkulacija-2\/cirkulacija-2-2\/","og_site_name":"Cirkulacija 2","article_publisher":"https:\/\/www.facebook.com\/Cirkulacija2\/","article_modified_time":"2022-12-23T17:23:09+00:00","og_image":[{"url":"http:\/\/www.cirkulacija2.org\/wp-content\/uploads\/cirkulacija\/Cirkulacija_4294.jpg","type":"","width":"","height":""}],"twitter_card":"summary_large_image","twitter_misc":{"Est. reading time":"12 minutes"},"schema":{"@context":"https:\/\/schema.org","@graph":[{"@type":"WebPage","@id":"https:\/\/www.cirkulacija2.org\/cirkulacija-2\/cirkulacija-2-2\/","url":"https:\/\/www.cirkulacija2.org\/cirkulacija-2\/cirkulacija-2-2\/","name":"[lang_si]Kratka zgodovina[lang_en]Short history - Cirkulacija 2","isPartOf":{"@id":"https:\/\/www.cirkulacija2.org\/#website"},"primaryImageOfPage":{"@id":"https:\/\/www.cirkulacija2.org\/cirkulacija-2\/cirkulacija-2-2\/#primaryimage"},"image":{"@id":"https:\/\/www.cirkulacija2.org\/cirkulacija-2\/cirkulacija-2-2\/#primaryimage"},"thumbnailUrl":"http:\/\/www.cirkulacija2.org\/wp-content\/uploads\/cirkulacija\/Cirkulacija_4294.jpg","datePublished":"2010-02-21T10:03:56+00:00","dateModified":"2022-12-23T17:23:09+00:00","breadcrumb":{"@id":"https:\/\/www.cirkulacija2.org\/cirkulacija-2\/cirkulacija-2-2\/#breadcrumb"},"inLanguage":"en-US","potentialAction":[{"@type":"ReadAction","target":["https:\/\/www.cirkulacija2.org\/cirkulacija-2\/cirkulacija-2-2\/"]}]},{"@type":"ImageObject","inLanguage":"en-US","@id":"https:\/\/www.cirkulacija2.org\/cirkulacija-2\/cirkulacija-2-2\/#primaryimage","url":"http:\/\/www.cirkulacija2.org\/wp-content\/uploads\/cirkulacija\/Cirkulacija_4294.jpg","contentUrl":"http:\/\/www.cirkulacija2.org\/wp-content\/uploads\/cirkulacija\/Cirkulacija_4294.jpg"},{"@type":"BreadcrumbList","@id":"https:\/\/www.cirkulacija2.org\/cirkulacija-2\/cirkulacija-2-2\/#breadcrumb","itemListElement":[{"@type":"ListItem","position":1,"name":"Home","item":"https:\/\/www.cirkulacija2.org\/"},{"@type":"ListItem","position":2,"name":"CIRKULACIJA 2 (2007 -> now)","item":"https:\/\/www.cirkulacija2.org\/cirkulacija-2\/"},{"@type":"ListItem","position":3,"name":"Short history"}]},{"@type":"WebSite","@id":"https:\/\/www.cirkulacija2.org\/#website","url":"https:\/\/www.cirkulacija2.org\/","name":"Cirkulacija 2","description":"Association for interdisciplinary, independent art production and the circulation of contemporary art","publisher":{"@id":"https:\/\/www.cirkulacija2.org\/#organization"},"potentialAction":[{"@type":"SearchAction","target":{"@type":"EntryPoint","urlTemplate":"https:\/\/www.cirkulacija2.org\/?s={search_term_string}"},"query-input":{"@type":"PropertyValueSpecification","valueRequired":true,"valueName":"search_term_string"}}],"inLanguage":"en-US"},{"@type":"Organization","@id":"https:\/\/www.cirkulacija2.org\/#organization","name":"Cirkulacija 2","url":"https:\/\/www.cirkulacija2.org\/","logo":{"@type":"ImageObject","inLanguage":"en-US","@id":"https:\/\/www.cirkulacija2.org\/#\/schema\/logo\/image\/","url":"https:\/\/www.cirkulacija2.org\/wp-content\/uploads\/C2_logo.jpg","contentUrl":"https:\/\/www.cirkulacija2.org\/wp-content\/uploads\/C2_logo.jpg","width":150,"height":150,"caption":"Cirkulacija 2"},"image":{"@id":"https:\/\/www.cirkulacija2.org\/#\/schema\/logo\/image\/"},"sameAs":["https:\/\/www.facebook.com\/Cirkulacija2\/","https:\/\/www.instagram.com\/cirkulacija2\/"]}]}},"_links":{"self":[{"href":"https:\/\/www.cirkulacija2.org\/wp-json\/wp\/v2\/pages\/247","targetHints":{"allow":["GET"]}}],"collection":[{"href":"https:\/\/www.cirkulacija2.org\/wp-json\/wp\/v2\/pages"}],"about":[{"href":"https:\/\/www.cirkulacija2.org\/wp-json\/wp\/v2\/types\/page"}],"author":[{"embeddable":true,"href":"https:\/\/www.cirkulacija2.org\/wp-json\/wp\/v2\/users\/1"}],"replies":[{"embeddable":true,"href":"https:\/\/www.cirkulacija2.org\/wp-json\/wp\/v2\/comments?post=247"}],"version-history":[{"count":0,"href":"https:\/\/www.cirkulacija2.org\/wp-json\/wp\/v2\/pages\/247\/revisions"}],"up":[{"embeddable":true,"href":"https:\/\/www.cirkulacija2.org\/wp-json\/wp\/v2\/pages\/46"}],"wp:attachment":[{"href":"https:\/\/www.cirkulacija2.org\/wp-json\/wp\/v2\/media?parent=247"}],"curies":[{"name":"wp","href":"https:\/\/api.w.org\/{rel}","templated":true}]}}